{"id":1419,"date":"2022-06-09T03:18:26","date_gmt":"2022-06-09T03:18:26","guid":{"rendered":"http:\/\/source.wpopal.com\/kitchor\/?page_id=1419"},"modified":"2023-09-22T13:46:21","modified_gmt":"2023-09-22T13:46:21","slug":"project-style-01","status":"publish","type":"page","link":"https:\/\/artkuechen.incepton.co\/index.php\/project-style-01\/","title":{"rendered":"Project style 01"},"content":{"rendered":"\t\t<div data-elementor-type=\"wp-page\" data-elementor-id=\"1419\" class=\"elementor elementor-1419\">\n\t\t\t\t\t\t<div class=\"elementor-section elementor-top-section elementor-element elementor-element-74ea13f elementor-section-stretched elementor-section-boxed elementor-section-height-default elementor-section-height-default\" data-id=\"74ea13f\" data-element_type=\"section\" data-settings=\"{&quot;stretch_section&quot;:&quot;section-stretched&quot;}\">\n\t\t\t\t\t\t<div class=\"elementor-container elementor-column-gap-no\">\n\t\t\t\t\t<div class=\"elementor-column elementor-col-100 elementor-top-column elementor-element elementor-element-e1ab9f3\" data-id=\"e1ab9f3\" data-element_type=\"column\">\n\t\t\t<div class=\"elementor-widget-wrap elementor-element-populated\">\n\t\t\t\t\t\t<div class=\"elementor-element elementor-element-1a345d6 elementor-align-center elementor-widget elementor-widget-button\" data-id=\"1a345d6\" data-element_type=\"widget\" data-widget_type=\"button.default\">\n\t\t\t\t<div class=\"elementor-widget-container\">\n\t\t\t\t\t\t\t\t\t<div class=\"elementor-button-wrapper\">\n\t\t\t\t\t<a class=\"elementor-button elementor-button-link elementor-size-sm\" href=\"http:\/\/source.wpopal.com\/kitchor\/project\/\">\n\t\t\t\t\t\t<span class=\"elementor-button-content-wrapper\">\n\t\t\t\t\t\t<span class=\"elementor-button-icon\">\n\t\t\t\t<i aria-hidden=\"true\" class=\"kitchor-icon- kitchor-icon-long-arrow-right\"><\/i>\t\t\t<\/span>\n\t\t\t\t\t\t\t\t\t<span class=\"elementor-button-text\">Einen Termin vereinbaren<\/span>\n\t\t\t\t\t<\/span>\n\t\t\t\t\t<\/a>\n\t\t\t\t<\/div>\n\t\t\t\t\t\t\t\t<\/div>\n\t\t\t\t<\/div>\n\t\t\t\t\t<\/div>\n\t\t<\/div>\n\t\t\t\t\t<\/div>\n\t\t<\/div>\n\t\t\t\t<\/div>\n\t\t","protected":false},"excerpt":{"rendered":"<p>All Minimalist (4) Modern (3) Small Space (5) Top Sellers (5) (17) WOCHBEREICH Bohemian, Minimalist, Small Space M\u00dcSTERBEREICH Coastal, Minimalist, Small Space KINDERECKE Small Space, Top Sellers, Vintage SMEG SAMMLUNG Modern, Small Space, Top Sellers WASCHRAUM Bohemian, Coastal, Minimalist KONZUM K\u00dcCHEN Minimalist, Vintage GRIFFLOSE K\u00dcCHEN Coastal, Modern, Small Space LANDHAUS K\u00dcCHEN Top Sellers, Vintage MODERNE [&hellip;]<\/p>\n","protected":false},"author":1,"featured_media":0,"parent":0,"menu_order":0,"comment_status":"closed","ping_status":"closed","template":"","meta":{"inline_featured_image":false,"footnotes":""},"class_list":["post-1419","page","type-page","status-publish","hentry"],"aioseo_notices":[],"jetpack_sharing_enabled":true,"_links":{"self":[{"href":"https:\/\/artkuechen.incepton.co\/index.php\/wp-json\/wp\/v2\/pages\/1419","targetHints":{"allow":["GET"]}}],"collection":[{"href":"https:\/\/artkuechen.incepton.co\/index.php\/wp-json\/wp\/v2\/pages"}],"about":[{"href":"https:\/\/artkuechen.incepton.co\/index.php\/wp-json\/wp\/v2\/types\/page"}],"author":[{"embeddable":true,"href":"https:\/\/artkuechen.incepton.co\/index.php\/wp-json\/wp\/v2\/users\/1"}],"replies":[{"embeddable":true,"href":"https:\/\/artkuechen.incepton.co\/index.php\/wp-json\/wp\/v2\/comments?post=1419"}],"version-history":[{"count":11,"href":"https:\/\/artkuechen.incepton.co\/index.php\/wp-json\/wp\/v2\/pages\/1419\/revisions"}],"predecessor-version":[{"id":16985,"href":"https:\/\/artkuechen.incepton.co\/index.php\/wp-json\/wp\/v2\/pages\/1419\/revisions\/16985"}],"wp:attachment":[{"href":"https:\/\/artkuechen.incepton.co\/index.php\/wp-json\/wp\/v2\/media?parent=1419"}],"curies":[{"name":"wp","href":"https:\/\/api.w.org\/{rel}","templated":true}]}}