{"id":15843,"date":"2022-06-04T03:19:20","date_gmt":"2022-06-04T03:19:20","guid":{"rendered":"http:\/\/source.wpopal.com\/kitchor\/?page_id=2"},"modified":"2023-12-05T10:20:59","modified_gmt":"2023-12-05T10:20:59","slug":"danke-seite","status":"publish","type":"page","link":"https:\/\/artkuechen.incepton.co\/index.php\/danke-seite\/","title":{"rendered":"Danke-Seite!"},"content":{"rendered":"\t\t<div data-elementor-type=\"wp-page\" data-elementor-id=\"15843\" class=\"elementor elementor-15843\">\n\t\t\t\t\t\t<section class=\"elementor-section elementor-top-section elementor-element elementor-element-245fe7ad elementor-section-boxed elementor-section-height-default elementor-section-height-default\" data-id=\"245fe7ad\" data-element_type=\"section\">\n\t\t\t\t\t\t<div class=\"elementor-container elementor-column-gap-default\">\n\t\t\t\t\t<div class=\"elementor-column elementor-col-100 elementor-top-column elementor-element elementor-element-3c16e77d\" data-id=\"3c16e77d\" data-element_type=\"column\">\n\t\t\t<div class=\"elementor-widget-wrap elementor-element-populated\">\n\t\t\t\t\t\t<div class=\"elementor-element elementor-element-2fcfbe40 elementor-widget elementor-widget-text-editor\" data-id=\"2fcfbe40\" data-element_type=\"widget\" data-widget_type=\"text-editor.default\">\n\t\t\t\t<div class=\"elementor-widget-container\">\n\t\t\t\t\t\t\t\t\t\n<p><strong>Sehr geehrter,<\/strong><\/p>\n<p>herzlichen Dank f\u00fcr Ihre Anmeldung auf unserem Kanal, Ihre Terminreservierung oder Ihre Anfrage \u00fcber das Kontaktformular. Wir sch\u00e4tzen Ihr Interesse und freuen uns darauf, Sie bald willkommen zu hei\u00dfen.<\/p>\n<p>Bei weiteren Fragen oder Anliegen stehen wir Ihnen gerne zur Verf\u00fcgung. Herzlichen Dank f\u00fcr Ihr Vertrauen.<\/p>\n<p>Mit freundlichen Gr\u00fc\u00dfen,<\/p>\n<p><strong>ArtK\u00fcchen!<\/strong><\/p>\n\t\t\t\t\t\t\t\t<\/div>\n\t\t\t\t<\/div>\n\t\t\t\t\t<\/div>\n\t\t<\/div>\n\t\t\t\t\t<\/div>\n\t\t<\/section>\n\t\t\t\t<section class=\"elementor-section elementor-top-section elementor-element elementor-element-4dea3d0 elementor-section-boxed elementor-section-height-default elementor-section-height-default\" data-id=\"4dea3d0\" data-element_type=\"section\">\n\t\t\t\t\t\t<div class=\"elementor-container elementor-column-gap-default\">\n\t\t\t\t\t<div class=\"elementor-column elementor-col-100 elementor-top-column elementor-element elementor-element-60e1375\" data-id=\"60e1375\" data-element_type=\"column\">\n\t\t\t<div class=\"elementor-widget-wrap elementor-element-populated\">\n\t\t\t\t\t\t<div class=\"elementor-element elementor-element-5204b41 elementor-widget elementor-widget-image\" data-id=\"5204b41\" data-element_type=\"widget\" data-widget_type=\"image.default\">\n\t\t\t\t<div class=\"elementor-widget-container\">\n\t\t\t\t\t\t\t\t\t\t\t\t\t\t\t<img fetchpriority=\"high\" decoding=\"async\" width=\"980\" height=\"605\" src=\"https:\/\/artkuechen.incepton.co\/wp-content\/uploads\/2023\/09\/Koje23_Bristol_Samtblau_M-1024x632.jpg\" class=\"attachment-large size-large wp-image-16547\" alt=\"Thank you\" srcset=\"https:\/\/artkuechen.incepton.co\/wp-content\/uploads\/2023\/09\/Koje23_Bristol_Samtblau_M-1024x632.jpg 1024w, https:\/\/artkuechen.incepton.co\/wp-content\/uploads\/2023\/09\/Koje23_Bristol_Samtblau_M-300x185.jpg 300w, https:\/\/artkuechen.incepton.co\/wp-content\/uploads\/2023\/09\/Koje23_Bristol_Samtblau_M-768x474.jpg 768w, https:\/\/artkuechen.incepton.co\/wp-content\/uploads\/2023\/09\/Koje23_Bristol_Samtblau_M-1536x948.jpg 1536w, https:\/\/artkuechen.incepton.co\/wp-content\/uploads\/2023\/09\/Koje23_Bristol_Samtblau_M-2048x1264.jpg 2048w, https:\/\/artkuechen.incepton.co\/wp-content\/uploads\/2023\/09\/Koje23_Bristol_Samtblau_M-630x390.jpg 630w, https:\/\/artkuechen.incepton.co\/wp-content\/uploads\/2023\/09\/Koje23_Bristol_Samtblau_M-800x494.jpg 800w\" sizes=\"(max-width: 980px) 100vw, 980px\" \/>\t\t\t\t\t\t\t\t\t\t\t\t\t\t\t<\/div>\n\t\t\t\t<\/div>\n\t\t\t\t\t<\/div>\n\t\t<\/div>\n\t\t\t\t\t<\/div>\n\t\t<\/section>\n\t\t\t\t<section class=\"elementor-section elementor-top-section elementor-element elementor-element-51c5485 elementor-section-boxed elementor-section-height-default elementor-section-height-default\" data-id=\"51c5485\" data-element_type=\"section\">\n\t\t\t\t\t\t<div class=\"elementor-container elementor-column-gap-default\">\n\t\t\t\t\t<div class=\"elementor-column elementor-col-100 elementor-top-column elementor-element elementor-element-a45843f\" data-id=\"a45843f\" data-element_type=\"column\">\n\t\t\t<div class=\"elementor-widget-wrap elementor-element-populated\">\n\t\t\t\t\t\t<div class=\"elementor-element elementor-element-137357f elementor-widget elementor-widget-button\" data-id=\"137357f\" data-element_type=\"widget\" data-widget_type=\"button.default\">\n\t\t\t\t<div class=\"elementor-widget-container\">\n\t\t\t\t\t\t\t\t\t<div class=\"elementor-button-wrapper\">\n\t\t\t\t\t<a class=\"elementor-button elementor-button-link elementor-size-sm\" href=\"https:\/\/artkuechen.incepton.co\">\n\t\t\t\t\t\t<span class=\"elementor-button-content-wrapper\">\n\t\t\t\t\t\t<span class=\"elementor-button-icon\">\n\t\t\t\t<i aria-hidden=\"true\" class=\"far fa-arrow-alt-circle-left\"><\/i>\t\t\t<\/span>\n\t\t\t\t\t\t\t\t\t<span class=\"elementor-button-text\">Startseite<\/span>\n\t\t\t\t\t<\/span>\n\t\t\t\t\t<\/a>\n\t\t\t\t<\/div>\n\t\t\t\t\t\t\t\t<\/div>\n\t\t\t\t<\/div>\n\t\t\t\t\t<\/div>\n\t\t<\/div>\n\t\t\t\t\t<\/div>\n\t\t<\/section>\n\t\t\t\t<section class=\"elementor-section elementor-top-section elementor-element elementor-element-1553dfd elementor-section-boxed elementor-section-height-default elementor-section-height-default\" data-id=\"1553dfd\" data-element_type=\"section\">\n\t\t\t\t\t\t<div class=\"elementor-container elementor-column-gap-default\">\n\t\t\t\t\t<div class=\"elementor-column elementor-col-100 elementor-top-column elementor-element elementor-element-6a07a4c\" data-id=\"6a07a4c\" data-element_type=\"column\">\n\t\t\t<div class=\"elementor-widget-wrap elementor-element-populated\">\n\t\t\t\t\t\t<div class=\"elementor-element elementor-element-af02c99 elementor-widget elementor-widget-spacer\" data-id=\"af02c99\" data-element_type=\"widget\" data-widget_type=\"spacer.default\">\n\t\t\t\t<div class=\"elementor-widget-container\">\n\t\t\t\t\t\t\t<div class=\"elementor-spacer\">\n\t\t\t<div class=\"elementor-spacer-inner\"><\/div>\n\t\t<\/div>\n\t\t\t\t\t\t<\/div>\n\t\t\t\t<\/div>\n\t\t\t\t\t<\/div>\n\t\t<\/div>\n\t\t\t\t\t<\/div>\n\t\t<\/section>\n\t\t\t\t<\/div>\n\t\t","protected":false},"excerpt":{"rendered":"<p>Sehr geehrter, herzlichen Dank f\u00fcr Ihre Anmeldung auf unserem Kanal, Ihre Terminreservierung oder Ihre Anfrage \u00fcber das Kontaktformular. Wir sch\u00e4tzen Ihr Interesse und freuen uns darauf, Sie bald willkommen zu hei\u00dfen. Bei weiteren Fragen oder Anliegen stehen wir Ihnen gerne zur Verf\u00fcgung. Herzlichen Dank f\u00fcr Ihr Vertrauen. Mit freundlichen Gr\u00fc\u00dfen, ArtK\u00fcchen! Startseite<\/p>\n","protected":false},"author":1,"featured_media":0,"parent":0,"menu_order":0,"comment_status":"closed","ping_status":"closed","template":"","meta":{"inline_featured_image":false,"footnotes":""},"class_list":["post-15843","page","type-page","status-publish","hentry"],"aioseo_notices":[],"jetpack_sharing_enabled":true,"_links":{"self":[{"href":"https:\/\/artkuechen.incepton.co\/index.php\/wp-json\/wp\/v2\/pages\/15843","targetHints":{"allow":["GET"]}}],"collection":[{"href":"https:\/\/artkuechen.incepton.co\/index.php\/wp-json\/wp\/v2\/pages"}],"about":[{"href":"https:\/\/artkuechen.incepton.co\/index.php\/wp-json\/wp\/v2\/types\/page"}],"author":[{"embeddable":true,"href":"https:\/\/artkuechen.incepton.co\/index.php\/wp-json\/wp\/v2\/users\/1"}],"replies":[{"embeddable":true,"href":"https:\/\/artkuechen.incepton.co\/index.php\/wp-json\/wp\/v2\/comments?post=15843"}],"version-history":[{"count":11,"href":"https:\/\/artkuechen.incepton.co\/index.php\/wp-json\/wp\/v2\/pages\/15843\/revisions"}],"predecessor-version":[{"id":21527,"href":"https:\/\/artkuechen.incepton.co\/index.php\/wp-json\/wp\/v2\/pages\/15843\/revisions\/21527"}],"wp:attachment":[{"href":"https:\/\/artkuechen.incepton.co\/index.php\/wp-json\/wp\/v2\/media?parent=15843"}],"curies":[{"name":"wp","href":"https:\/\/api.w.org\/{rel}","templated":true}]}}