{"id":18651,"date":"2023-09-28T13:32:15","date_gmt":"2023-09-28T13:32:15","guid":{"rendered":"https:\/\/artkuechen.incepton.co\/?page_id=18651"},"modified":"2024-11-13T17:04:31","modified_gmt":"2024-11-13T17:04:31","slug":"kuchenplaner","status":"publish","type":"page","link":"https:\/\/artkuechen.incepton.co\/index.php\/kuchenplaner\/","title":{"rendered":"K\u00fcchenplaner"},"content":{"rendered":"\t\t<div data-elementor-type=\"wp-page\" data-elementor-id=\"18651\" class=\"elementor elementor-18651\">\n\t\t\t\t\t\t<section class=\"elementor-section elementor-top-section elementor-element elementor-element-e77d39c elementor-section-boxed elementor-section-height-default elementor-section-height-default\" data-id=\"e77d39c\" data-element_type=\"section\">\n\t\t\t\t\t\t<div class=\"elementor-container elementor-column-gap-default\">\n\t\t\t\t\t<div class=\"elementor-column elementor-col-100 elementor-top-column elementor-element elementor-element-b6de57c\" data-id=\"b6de57c\" data-element_type=\"column\">\n\t\t\t<div class=\"elementor-widget-wrap elementor-element-populated\">\n\t\t\t\t\t\t<div class=\"elementor-element elementor-element-0265a08 elementor-icon-left elementor-widget elementor-widget-kitchor-heading\" data-id=\"0265a08\" data-element_type=\"widget\" data-widget_type=\"kitchor-heading.default\">\n\t\t\t\t<div class=\"elementor-widget-container\">\n\t\t\t\t\t<h3 class=\"elementor-heading-title elementor-size-default\"><span>K\u00dcCHENPLANER<\/span><\/h3>\t\t\t\t<\/div>\n\t\t\t\t<\/div>\n\t\t\t\t\t<\/div>\n\t\t<\/div>\n\t\t\t\t\t<\/div>\n\t\t<\/section>\n\t\t\t\t<section class=\"elementor-section elementor-top-section elementor-element elementor-element-3ed4c10 elementor-section-boxed elementor-section-height-default elementor-section-height-default\" data-id=\"3ed4c10\" data-element_type=\"section\">\n\t\t\t\t\t\t<div class=\"elementor-container elementor-column-gap-default\">\n\t\t\t\t\t<div class=\"elementor-column elementor-col-100 elementor-top-column elementor-element elementor-element-543e05f\" data-id=\"543e05f\" data-element_type=\"column\">\n\t\t\t<div class=\"elementor-widget-wrap elementor-element-populated\">\n\t\t\t\t\t\t<div class=\"elementor-element elementor-element-dd5a78d elementor-widget elementor-widget-image\" data-id=\"dd5a78d\" data-element_type=\"widget\" data-widget_type=\"image.default\">\n\t\t\t\t<div class=\"elementor-widget-container\">\n\t\t\t\t\t\t\t\t\t\t\t\t\t\t\t<img fetchpriority=\"high\" decoding=\"async\" width=\"850\" height=\"540\" src=\"https:\/\/artkuechen.incepton.co\/wp-content\/uploads\/2023\/04\/h10-slider-04-850x540.jpg\" class=\"attachment-kitchor-post-grid size-kitchor-post-grid wp-image-12148\" alt=\"\" \/>\t\t\t\t\t\t\t\t\t\t\t\t\t\t\t<\/div>\n\t\t\t\t<\/div>\n\t\t\t\t\t<\/div>\n\t\t<\/div>\n\t\t\t\t\t<\/div>\n\t\t<\/section>\n\t\t\t\t<section class=\"elementor-section elementor-top-section elementor-element elementor-element-c0b53ec elementor-section-boxed elementor-section-height-default elementor-section-height-default\" data-id=\"c0b53ec\" data-element_type=\"section\">\n\t\t\t\t\t\t<div class=\"elementor-container elementor-column-gap-default\">\n\t\t\t\t\t<div class=\"elementor-column elementor-col-100 elementor-top-column elementor-element elementor-element-3b6ebf0\" data-id=\"3b6ebf0\" data-element_type=\"column\">\n\t\t\t<div class=\"elementor-widget-wrap elementor-element-populated\">\n\t\t\t\t\t\t<div class=\"elementor-element elementor-element-e92549d elementor-widget elementor-widget-text-editor\" data-id=\"e92549d\" data-element_type=\"widget\" data-widget_type=\"text-editor.default\">\n\t\t\t\t<div class=\"elementor-widget-container\">\n\t\t\t\t\t\t\t\t\t<p>Wenn Sie Ihre eigene K\u00fcchenplanung erstellen m\u00f6chten, Klicken Sie <a href=\"https:\/\/www.haecker-kuechen.com\/de\/kuechenplaner\"><span style=\"color: #28d0ba;\">hier<\/span>.<\/a><\/p>\t\t\t\t\t\t\t\t<\/div>\n\t\t\t\t<\/div>\n\t\t\t\t\t<\/div>\n\t\t<\/div>\n\t\t\t\t\t<\/div>\n\t\t<\/section>\n\t\t\t\t<\/div>\n\t\t","protected":false},"excerpt":{"rendered":"<p>K\u00dcCHENPLANER Wenn Sie Ihre eigene K\u00fcchenplanung erstellen m\u00f6chten, Klicken Sie hier.<\/p>\n","protected":false},"author":1,"featured_media":0,"parent":0,"menu_order":0,"comment_status":"closed","ping_status":"closed","template":"","meta":{"inline_featured_image":false,"footnotes":""},"class_list":["post-18651","page","type-page","status-publish","hentry"],"aioseo_notices":[],"jetpack_sharing_enabled":true,"_links":{"self":[{"href":"https:\/\/artkuechen.incepton.co\/index.php\/wp-json\/wp\/v2\/pages\/18651","targetHints":{"allow":["GET"]}}],"collection":[{"href":"https:\/\/artkuechen.incepton.co\/index.php\/wp-json\/wp\/v2\/pages"}],"about":[{"href":"https:\/\/artkuechen.incepton.co\/index.php\/wp-json\/wp\/v2\/types\/page"}],"author":[{"embeddable":true,"href":"https:\/\/artkuechen.incepton.co\/index.php\/wp-json\/wp\/v2\/users\/1"}],"replies":[{"embeddable":true,"href":"https:\/\/artkuechen.incepton.co\/index.php\/wp-json\/wp\/v2\/comments?post=18651"}],"version-history":[{"count":26,"href":"https:\/\/artkuechen.incepton.co\/index.php\/wp-json\/wp\/v2\/pages\/18651\/revisions"}],"predecessor-version":[{"id":22091,"href":"https:\/\/artkuechen.incepton.co\/index.php\/wp-json\/wp\/v2\/pages\/18651\/revisions\/22091"}],"wp:attachment":[{"href":"https:\/\/artkuechen.incepton.co\/index.php\/wp-json\/wp\/v2\/media?parent=18651"}],"curies":[{"name":"wp","href":"https:\/\/api.w.org\/{rel}","templated":true}]}}