{"id":2034,"date":"2022-06-10T09:18:16","date_gmt":"2022-06-10T09:18:16","guid":{"rendered":"http:\/\/source.wpopal.com\/kitchor\/?page_id=2034"},"modified":"2024-11-13T17:07:13","modified_gmt":"2024-11-13T17:07:13","slug":"unser-service","status":"publish","type":"page","link":"https:\/\/artkuechen.incepton.co\/index.php\/unser-service\/","title":{"rendered":"Service"},"content":{"rendered":"\t\t<div data-elementor-type=\"wp-page\" data-elementor-id=\"2034\" class=\"elementor elementor-2034\">\n\t\t\t\t\t\t<div class=\"elementor-section elementor-top-section elementor-element elementor-element-77f57bc elementor-section-stretched elementor-section-boxed elementor-section-height-default elementor-section-height-default\" data-id=\"77f57bc\" data-element_type=\"section\" data-settings=\"{&quot;stretch_section&quot;:&quot;section-stretched&quot;}\">\n\t\t\t\t\t\t<div class=\"elementor-container elementor-column-gap-no\">\n\t\t\t\t\t<div class=\"elementor-column elementor-col-100 elementor-top-column elementor-element elementor-element-c52ba8a\" data-id=\"c52ba8a\" data-element_type=\"column\">\n\t\t\t<div class=\"elementor-widget-wrap elementor-element-populated\">\n\t\t\t\t\t\t<div class=\"elementor-element elementor-element-68e3ebf elementor-widget elementor-widget-heading\" data-id=\"68e3ebf\" data-element_type=\"widget\" data-widget_type=\"heading.default\">\n\t\t\t\t<div class=\"elementor-widget-container\">\n\t\t\t\t\t<div class=\"elementor-heading-title elementor-size-default\">Unser Service<\/div>\t\t\t\t<\/div>\n\t\t\t\t<\/div>\n\t\t\t\t<div class=\"elementor-element elementor-element-5b75e69 elementor-widget__width-initial elementor-widget-laptop__width-inherit elementor-widget elementor-widget-heading\" data-id=\"5b75e69\" data-element_type=\"widget\" data-widget_type=\"heading.default\">\n\t\t\t\t<div class=\"elementor-widget-container\">\n\t\t\t\t\t<h2 class=\"elementor-heading-title elementor-size-default\">Wir bieten mehr als nur\nqualitativ hochwertige service<\/h2>\t\t\t\t<\/div>\n\t\t\t\t<\/div>\n\t\t\t\t\t<\/div>\n\t\t<\/div>\n\t\t\t\t\t<\/div>\n\t\t<\/div>\n\t\t\t\t<section class=\"elementor-section elementor-top-section elementor-element elementor-element-dc745fb elementor-section-boxed elementor-section-height-default elementor-section-height-default\" data-id=\"dc745fb\" data-element_type=\"section\">\n\t\t\t\t\t\t<div class=\"elementor-container elementor-column-gap-default\">\n\t\t\t\t\t<div class=\"elementor-column elementor-col-100 elementor-top-column elementor-element elementor-element-1bb65ec\" data-id=\"1bb65ec\" data-element_type=\"column\">\n\t\t\t<div class=\"elementor-widget-wrap elementor-element-populated\">\n\t\t\t\t\t\t<div class=\"elementor-element elementor-element-285528d elementor-widget elementor-widget-heading\" data-id=\"285528d\" data-element_type=\"widget\" data-widget_type=\"heading.default\">\n\t\t\t\t<div class=\"elementor-widget-container\">\n\t\t\t\t\t<h4 class=\"elementor-heading-title elementor-size-default\">UNSER SERVICE<\/h4>\t\t\t\t<\/div>\n\t\t\t\t<\/div>\n\t\t\t\t\t<\/div>\n\t\t<\/div>\n\t\t\t\t\t<\/div>\n\t\t<\/section>\n\t\t\t\t<section class=\"elementor-section elementor-top-section elementor-element elementor-element-fa6eb5b elementor-section-boxed elementor-section-height-default elementor-section-height-default\" data-id=\"fa6eb5b\" data-element_type=\"section\">\n\t\t\t\t\t\t<div class=\"elementor-container elementor-column-gap-default\">\n\t\t\t\t\t<div class=\"elementor-column elementor-col-33 elementor-top-column elementor-element elementor-element-195fd36\" data-id=\"195fd36\" data-element_type=\"column\">\n\t\t\t<div class=\"elementor-widget-wrap elementor-element-populated\">\n\t\t\t\t\t\t<div class=\"elementor-element elementor-element-59167ea elementor-widget elementor-widget-kitchor-service-list\" data-id=\"59167ea\" data-element_type=\"widget\" data-widget_type=\"kitchor-service-list.default\">\n\t\t\t\t<div class=\"elementor-widget-container\">\n\t\t\t\t\t        <ul class=\"elementor-service-item-wrapper\">\n                                            <li class=\"service-list \">\n                                        <a href=\"https:\/\/artkuechen.incepton.co\/index.php\/finanzierung\/\">\n                                                <span class=\"service-text\">\n                            FINANZIERUNG                        <\/span>\n                        <\/a>                <\/li>\n                                            <li class=\"service-list \">\n                                        <a href=\"https:\/\/artkuechen.incepton.co\/index.php\/garantie-und-service\/\">\n                                                <span class=\"service-text\">\n                            GARANTIE UND SERVICE                        <\/span>\n                        <\/a>                <\/li>\n                                            <li class=\"service-list \">\n                                        <a href=\"https:\/\/artkuechen.incepton.co\/index.php\/smart-home\/\">\n                                                <span class=\"service-text\">\n                            SMART HOME                        <\/span>\n                        <\/a>                <\/li>\n                    <\/ul>\n        \t\t\t\t<\/div>\n\t\t\t\t<\/div>\n\t\t\t\t\t<\/div>\n\t\t<\/div>\n\t\t\t\t<div class=\"elementor-column elementor-col-33 elementor-top-column elementor-element elementor-element-d9d9c6e\" data-id=\"d9d9c6e\" data-element_type=\"column\">\n\t\t\t<div class=\"elementor-widget-wrap elementor-element-populated\">\n\t\t\t\t\t\t<div class=\"elementor-element elementor-element-893a252 elementor-widget elementor-widget-text-editor\" data-id=\"893a252\" data-element_type=\"widget\" data-widget_type=\"text-editor.default\">\n\t\t\t\t<div class=\"elementor-widget-container\">\n\t\t\t\t\t\t\t\t\t<p>Bei ArtK\u00fcchen sind wir stolz darauf, unseren Kunden au\u00dfergew\u00f6hnliche Serviceleistungen anzubieten. Mit unserem Finanzierungsservice erm\u00f6glichen wir Ihnen Flexibilit\u00e4t bei der Bezahlung, damit Sie Ihren Traum von einer wundersch\u00f6nen K\u00fcche oder M\u00f6beln f\u00fcr Ihr Zuhause verwirklichen k\u00f6nnen. Zudem bieten wir wettbewerbsf\u00e4hige Garantien f\u00fcr unsere Produkte, um Ihnen einen sorgenfreien und sicheren Kauf zu gew\u00e4hrleisten.<\/p><blockquote><p>Aber damit nicht genug &#8211; wir bieten auch Smart Home-L\u00f6sungen an. Mit unseren intelligenten Haushaltsger\u00e4ten und integrierten Systemen k\u00f6nnen Sie modernste Technologie und Bequemlichkeit in Ihr Zuhause bringen. Mit den smarten Haushaltsger\u00e4ten haben Sie die M\u00f6glichkeit, Ihre K\u00fcche oder Ihr Wohnzimmer \u00fcber mobile Ger\u00e4te oder Sprachbefehle zu steuern.<\/p><\/blockquote><p>Unser Ziel ist es, Ihnen einen umfassenden Service zu bieten, der Ihre Bed\u00fcrfnisse erf\u00fcllt und Ihre Erwartungen \u00fcbertrifft.<\/p>\t\t\t\t\t\t\t\t<\/div>\n\t\t\t\t<\/div>\n\t\t\t\t\t<\/div>\n\t\t<\/div>\n\t\t\t\t<div class=\"elementor-column elementor-col-33 elementor-top-column elementor-element elementor-element-43e0fc0\" data-id=\"43e0fc0\" data-element_type=\"column\">\n\t\t\t<div class=\"elementor-widget-wrap elementor-element-populated\">\n\t\t\t\t\t\t<div class=\"elementor-element elementor-element-bf11b69 elementor-widget-laptop__width-initial elementor-widget elementor-widget-image\" data-id=\"bf11b69\" data-element_type=\"widget\" data-widget_type=\"image.default\">\n\t\t\t\t<div class=\"elementor-widget-container\">\n\t\t\t\t\t\t\t\t\t\t\t\t\t\t\t<img fetchpriority=\"high\" decoding=\"async\" width=\"768\" height=\"1152\" src=\"https:\/\/artkuechen.incepton.co\/wp-content\/uploads\/2023\/09\/20230506120312_IMG_4312-768x1152.jpg\" class=\"attachment-medium_large size-medium_large wp-image-16962\" alt=\"\" srcset=\"https:\/\/artkuechen.incepton.co\/wp-content\/uploads\/2023\/09\/20230506120312_IMG_4312-768x1152.jpg 768w, https:\/\/artkuechen.incepton.co\/wp-content\/uploads\/2023\/09\/20230506120312_IMG_4312-200x300.jpg 200w, https:\/\/artkuechen.incepton.co\/wp-content\/uploads\/2023\/09\/20230506120312_IMG_4312-683x1024.jpg 683w, https:\/\/artkuechen.incepton.co\/wp-content\/uploads\/2023\/09\/20230506120312_IMG_4312-1024x1536.jpg 1024w, https:\/\/artkuechen.incepton.co\/wp-content\/uploads\/2023\/09\/20230506120312_IMG_4312-800x1200.jpg 800w\" sizes=\"(max-width: 768px) 100vw, 768px\" \/>\t\t\t\t\t\t\t\t\t\t\t\t\t\t\t<\/div>\n\t\t\t\t<\/div>\n\t\t\t\t\t<\/div>\n\t\t<\/div>\n\t\t\t\t\t<\/div>\n\t\t<\/section>\n\t\t\t\t<div class=\"elementor-section elementor-top-section elementor-element elementor-element-f66c48d elementor-section-stretched elementor-section-boxed elementor-section-height-default elementor-section-height-default\" data-id=\"f66c48d\" data-element_type=\"section\" data-settings=\"{&quot;stretch_section&quot;:&quot;section-stretched&quot;,&quot;background_background&quot;:&quot;classic&quot;}\">\n\t\t\t\t\t\t<div class=\"elementor-container elementor-column-gap-no\">\n\t\t\t\t\t<div class=\"elementor-column elementor-col-100 elementor-top-column elementor-element elementor-element-02256a6\" data-id=\"02256a6\" data-element_type=\"column\">\n\t\t\t<div class=\"elementor-widget-wrap elementor-element-populated\">\n\t\t\t\t\t\t<div class=\"elementor-element elementor-element-a5e94aa arrow-style-1 elementor-widget elementor-widget-kitchor-brand\" data-id=\"a5e94aa\" data-element_type=\"widget\" data-widget_type=\"kitchor-brand.default\">\n\t\t\t\t<div class=\"elementor-widget-container\">\n\t\t\t\t\t        <div class=\"elementor-brands\">\n            <div class=\"elementor-brand-wrapper\">\n\n                <div class=\"row row kitchor-carousel\" data-settings=\"{&quot;centerMode&quot;:false,&quot;variableWidth&quot;:false,&quot;centerPadding&quot;:&quot;50px&quot;,&quot;navigation&quot;:&quot;dots&quot;,&quot;autoplayHoverPause&quot;:true,&quot;autoplay&quot;:true,&quot;autoplaySpeed&quot;:5000,&quot;infinite&quot;:true,&quot;items&quot;:&quot;5&quot;,&quot;$items_widescreen&quot;:&quot;5&quot;,&quot;items_laptop&quot;:&quot;5&quot;,&quot;items_tablet_extra&quot;:&quot;4&quot;,&quot;items_tablet&quot;:&quot;3&quot;,&quot;items_mobile_extra&quot;:&quot;3&quot;,&quot;items_mobile&quot;:&quot;1&quot;,&quot;centerPadding_laptop&quot;:&quot;50px&quot;,&quot;centerPadding_tablet_extra&quot;:&quot;50px&quot;,&quot;centerPadding_tablet&quot;:&quot;50px&quot;,&quot;centerPadding_mobile_extra&quot;:&quot;50px&quot;,&quot;centerPadding_mobile&quot;:&quot;50px&quot;,&quot;breakpoint_laptop&quot;:1366,&quot;breakpoint_tablet_extra&quot;:1200,&quot;breakpoint_tablet&quot;:1024,&quot;breakpoint_mobile_extra&quot;:880,&quot;breakpoint_mobile&quot;:767}\">\n                                            <div class=\"elementor-brand-item column-item\">\n                            <div class=\"elementor-brand-image\">\n                                <a href=\"https:\/\/www.quooker.de\/\"  title=\"QUOOKER\"><img decoding=\"async\" width=\"507\" height=\"151\" src=\"https:\/\/artkuechen.incepton.co\/wp-content\/uploads\/2023\/09\/quooker.png\" class=\"attachment-full size-full wp-image-18843\" alt=\"\" srcset=\"https:\/\/artkuechen.incepton.co\/wp-content\/uploads\/2023\/09\/quooker.png 507w, https:\/\/artkuechen.incepton.co\/wp-content\/uploads\/2023\/09\/quooker-300x89.png 300w\" sizes=\"(max-width: 507px) 100vw, 507px\" \/><\/a>                            <\/div>\n                        <\/div>\n                                            <div class=\"elementor-brand-item column-item\">\n                            <div class=\"elementor-brand-image\">\n                                <a href=\"https:\/\/www.miele.de\/\"  title=\"MIELE\"><img decoding=\"async\" width=\"344\" height=\"85\" src=\"https:\/\/artkuechen.incepton.co\/wp-content\/uploads\/2023\/09\/miele.png\" class=\"attachment-full size-full wp-image-18847\" alt=\"\" srcset=\"https:\/\/artkuechen.incepton.co\/wp-content\/uploads\/2023\/09\/miele.png 344w, https:\/\/artkuechen.incepton.co\/wp-content\/uploads\/2023\/09\/miele-300x74.png 300w\" sizes=\"(max-width: 344px) 100vw, 344px\" \/><\/a>                            <\/div>\n                        <\/div>\n                                            <div class=\"elementor-brand-item column-item\">\n                            <div class=\"elementor-brand-image\">\n                                <a href=\"https:\/\/www.bosch.de\/\"  title=\"BOSCH\"><img loading=\"lazy\" decoding=\"async\" width=\"385\" height=\"93\" src=\"https:\/\/artkuechen.incepton.co\/wp-content\/uploads\/2023\/09\/bosch.png\" class=\"attachment-full size-full wp-image-18850\" alt=\"\" srcset=\"https:\/\/artkuechen.incepton.co\/wp-content\/uploads\/2023\/09\/bosch.png 385w, https:\/\/artkuechen.incepton.co\/wp-content\/uploads\/2023\/09\/bosch-300x72.png 300w\" sizes=\"(max-width: 385px) 100vw, 385px\" \/><\/a>                            <\/div>\n                        <\/div>\n                                            <div class=\"elementor-brand-item column-item\">\n                            <div class=\"elementor-brand-image\">\n                                <a href=\"https:\/\/www.franke.com\/de\/de\/home.html\"  title=\"FRANKE\"><img loading=\"lazy\" decoding=\"async\" width=\"316\" height=\"98\" src=\"https:\/\/artkuechen.incepton.co\/wp-content\/uploads\/2023\/09\/franke.png\" class=\"attachment-full size-full wp-image-18857\" alt=\"\" srcset=\"https:\/\/artkuechen.incepton.co\/wp-content\/uploads\/2023\/09\/franke.png 316w, https:\/\/artkuechen.incepton.co\/wp-content\/uploads\/2023\/09\/franke-300x93.png 300w\" sizes=\"(max-width: 316px) 100vw, 316px\" \/><\/a>                            <\/div>\n                        <\/div>\n                                            <div class=\"elementor-brand-item column-item\">\n                            <div class=\"elementor-brand-image\">\n                                <a href=\"https:\/\/www.villeroy-boch.de\/\"  title=\"VILLEROY &amp; BOCH\"><img loading=\"lazy\" decoding=\"async\" width=\"395\" height=\"203\" src=\"https:\/\/artkuechen.incepton.co\/wp-content\/uploads\/2023\/09\/villeroy.png\" class=\"attachment-full size-full wp-image-18873\" alt=\"\" srcset=\"https:\/\/artkuechen.incepton.co\/wp-content\/uploads\/2023\/09\/villeroy.png 395w, https:\/\/artkuechen.incepton.co\/wp-content\/uploads\/2023\/09\/villeroy-300x154.png 300w\" sizes=\"(max-width: 395px) 100vw, 395px\" \/><\/a>                            <\/div>\n                        <\/div>\n                                            <div class=\"elementor-brand-item column-item\">\n                            <div class=\"elementor-brand-image\">\n                                <a href=\"https:\/\/www.bora.com\/\"  title=\"BORA\"><img loading=\"lazy\" decoding=\"async\" width=\"393\" height=\"95\" src=\"https:\/\/artkuechen.incepton.co\/wp-content\/uploads\/2023\/09\/bora.png\" class=\"attachment-full size-full wp-image-18881\" alt=\"\" srcset=\"https:\/\/artkuechen.incepton.co\/wp-content\/uploads\/2023\/09\/bora.png 393w, https:\/\/artkuechen.incepton.co\/wp-content\/uploads\/2023\/09\/bora-300x73.png 300w\" sizes=\"(max-width: 393px) 100vw, 393px\" \/><\/a>                            <\/div>\n                        <\/div>\n                                            <div class=\"elementor-brand-item column-item\">\n                            <div class=\"elementor-brand-image\">\n                                <a href=\"https:\/\/www.neff-home.com\/de\/\"  title=\"NEFF\"><img loading=\"lazy\" decoding=\"async\" width=\"399\" height=\"136\" src=\"https:\/\/artkuechen.incepton.co\/wp-content\/uploads\/2023\/09\/neff.png\" class=\"attachment-full size-full wp-image-18884\" alt=\"\" srcset=\"https:\/\/artkuechen.incepton.co\/wp-content\/uploads\/2023\/09\/neff.png 399w, https:\/\/artkuechen.incepton.co\/wp-content\/uploads\/2023\/09\/neff-300x102.png 300w\" sizes=\"(max-width: 399px) 100vw, 399px\" \/><\/a>                            <\/div>\n                        <\/div>\n                                            <div class=\"elementor-brand-item column-item\">\n                            <div class=\"elementor-brand-image\">\n                                <a href=\"https:\/\/www.berbel.de\/\"  title=\"BERBEL\"><img loading=\"lazy\" decoding=\"async\" width=\"377\" height=\"153\" src=\"https:\/\/artkuechen.incepton.co\/wp-content\/uploads\/2023\/09\/berbel.png\" class=\"attachment-full size-full wp-image-18886\" alt=\"\" srcset=\"https:\/\/artkuechen.incepton.co\/wp-content\/uploads\/2023\/09\/berbel.png 377w, https:\/\/artkuechen.incepton.co\/wp-content\/uploads\/2023\/09\/berbel-300x122.png 300w\" sizes=\"(max-width: 377px) 100vw, 377px\" \/><\/a>                            <\/div>\n                        <\/div>\n                                            <div class=\"elementor-brand-item column-item\">\n                            <div class=\"elementor-brand-image\">\n                                <a href=\"https:\/\/www.smeg.com\/de\"  title=\"SMEG\"><img loading=\"lazy\" decoding=\"async\" width=\"472\" height=\"136\" src=\"https:\/\/artkuechen.incepton.co\/wp-content\/uploads\/2023\/09\/smeg.png\" class=\"attachment-full size-full wp-image-18904\" alt=\"\" srcset=\"https:\/\/artkuechen.incepton.co\/wp-content\/uploads\/2023\/09\/smeg.png 472w, https:\/\/artkuechen.incepton.co\/wp-content\/uploads\/2023\/09\/smeg-300x86.png 300w\" sizes=\"(max-width: 472px) 100vw, 472px\" \/><\/a>                            <\/div>\n                        <\/div>\n                                    <\/div>\n            <\/div>\n        <\/div>\n        \t\t\t\t<\/div>\n\t\t\t\t<\/div>\n\t\t\t\t\t<\/div>\n\t\t<\/div>\n\t\t\t\t\t<\/div>\n\t\t<\/div>\n\t\t\t\t<\/div>\n\t\t","protected":false},"excerpt":{"rendered":"<p>Unser Service Wir bieten mehr als nur qualitativ hochwertige service UNSER SERVICE FINANZIERUNG GARANTIE UND SERVICE SMART HOME Bei ArtK\u00fcchen sind wir stolz darauf, unseren Kunden au\u00dfergew\u00f6hnliche Serviceleistungen anzubieten. Mit unserem Finanzierungsservice erm\u00f6glichen wir Ihnen Flexibilit\u00e4t bei der Bezahlung, damit Sie Ihren Traum von einer wundersch\u00f6nen K\u00fcche oder M\u00f6beln f\u00fcr Ihr Zuhause verwirklichen k\u00f6nnen. Zudem [&hellip;]<\/p>\n","protected":false},"author":1,"featured_media":0,"parent":0,"menu_order":0,"comment_status":"closed","ping_status":"closed","template":"","meta":{"inline_featured_image":false,"footnotes":""},"class_list":["post-2034","page","type-page","status-publish","hentry"],"aioseo_notices":[],"jetpack_sharing_enabled":true,"_links":{"self":[{"href":"https:\/\/artkuechen.incepton.co\/index.php\/wp-json\/wp\/v2\/pages\/2034","targetHints":{"allow":["GET"]}}],"collection":[{"href":"https:\/\/artkuechen.incepton.co\/index.php\/wp-json\/wp\/v2\/pages"}],"about":[{"href":"https:\/\/artkuechen.incepton.co\/index.php\/wp-json\/wp\/v2\/types\/page"}],"author":[{"embeddable":true,"href":"https:\/\/artkuechen.incepton.co\/index.php\/wp-json\/wp\/v2\/users\/1"}],"replies":[{"embeddable":true,"href":"https:\/\/artkuechen.incepton.co\/index.php\/wp-json\/wp\/v2\/comments?post=2034"}],"version-history":[{"count":80,"href":"https:\/\/artkuechen.incepton.co\/index.php\/wp-json\/wp\/v2\/pages\/2034\/revisions"}],"predecessor-version":[{"id":22100,"href":"https:\/\/artkuechen.incepton.co\/index.php\/wp-json\/wp\/v2\/pages\/2034\/revisions\/22100"}],"wp:attachment":[{"href":"https:\/\/artkuechen.incepton.co\/index.php\/wp-json\/wp\/v2\/media?parent=2034"}],"curies":[{"name":"wp","href":"https:\/\/api.w.org\/{rel}","templated":true}]}}